{"id":185,"date":"2022-08-02T10:42:02","date_gmt":"2022-08-02T10:42:02","guid":{"rendered":"https:\/\/sabrina.fi\/?page_id=185"},"modified":"2023-09-04T07:50:37","modified_gmt":"2023-09-04T07:50:37","slug":"ripsien-ja-kulmien-kasittelyt","status":"publish","type":"page","link":"https:\/\/sabrina.fi\/index.php\/ripsien-ja-kulmien-kasittelyt\/","title":{"rendered":"Ripsien ja kulmien k\u00e4sittelyt"},"content":{"rendered":"<p><div class=\"fusion-fullwidth fullwidth-box fusion-builder-row-1 fusion-flex-container has-pattern-background has-mask-background nonhundred-percent-fullwidth non-hundred-percent-height-scrolling\" style=\"--awb-border-radius-top-left:0px;--awb-border-radius-top-right:0px;--awb-border-radius-bottom-right:0px;--awb-border-radius-bottom-left:0px;--awb-flex-wrap:wrap;\" ><div class=\"fusion-builder-row fusion-row fusion-flex-align-items-flex-start fusion-flex-content-wrap\" style=\"max-width:1248px;margin-left: calc(-4% \/ 2 );margin-right: calc(-4% \/ 2 );\"><div class=\"fusion-layout-column fusion_builder_column fusion-builder-column-0 fusion_builder_column_1_2 1_2 fusion-flex-column\" style=\"--awb-bg-size:cover;--awb-width-large:50%;--awb-margin-top-large:0px;--awb-spacing-right-large:3.84%;--awb-margin-bottom-large:20px;--awb-spacing-left-large:3.84%;--awb-width-medium:50%;--awb-order-medium:0;--awb-spacing-right-medium:3.84%;--awb-spacing-left-medium:3.84%;--awb-width-small:100%;--awb-order-small:0;--awb-spacing-right-small:1.92%;--awb-spacing-left-small:1.92%;\"><div class=\"fusion-column-wrapper fusion-column-has-shadow fusion-flex-justify-content-flex-start fusion-content-layout-column\"><div class=\"fusion-title title fusion-title-1 fusion-sep-none fusion-title-text fusion-title-size-one\" style=\"--awb-margin-top-small:10px;--awb-margin-right-small:0px;--awb-margin-bottom-small:10px;--awb-margin-left-small:0px;\"><h1 class=\"fusion-title-heading title-heading-left\" style=\"margin:0;\"><h2>Ripsien ja kulmien<br \/>k\u00e4sittelyt<\/h2><\/h1><\/div><div class=\"fusion-text fusion-text-1\"><h4>Ripsien pidennykset- volyymit ja klassiset<\/h4>\n<h4>InLei-kulmien laminointi<\/h4>\n<h4>Refectocil Intense- kulmien v\u00e4rj\u00e4ys<\/h4>\n<p>Uusi patentoitu, intensiivinen kestov\u00e4ri, jonka avulla kulmakarvasi n\u00e4ytt\u00e4v\u00e4t pidemp\u00e4\u00e4n meikatuilta ja vahvemmilta.<br \/>Voidaan k\u00e4ytt\u00e4\u00e4 my\u00f6s t\u00e4ydent\u00e4m\u00e4\u00e4n hentoja tai harvoja kulmia. V\u00e4rill\u00e4 on mahdollista ik\u00e4\u00e4nkuin t\u00e4ytt\u00e4\u00e4 kulmien alue. Efekti on kuin kestopigmentoinnissa. V\u00e4ri pysyy iholla n.10 p\u00e4iv\u00e4\u00e4 ja karvoissa n. 6 viikkoa. Iho kuoritaan, kulmiin suunnitellaan ja piirret\u00e4\u00e4n toivomasi muoto, iho k\u00e4sitell\u00e4\u00e4n primerilla, v\u00e4rigeelill\u00e4 sek\u00e4 aktivaattorilla. Nelj\u00e4 melko tummaa s\u00e4vy\u00e4 .<br \/>Huom. k\u00e4sittelyn j\u00e4lkeen ei kulmia saa kastella eik\u00e4 k\u00e4ytt\u00e4\u00e4 \u00f6ljypitoisia tuotteita 24 tuntiin.<\/p>\n<h4>Microblading<\/h4>\n<p>1-3 vuotta pysyv\u00e4 kulmien korostaminen, muodon korjaaminen tai v\u00e4rin vahvistus Microblading 3D menetelm\u00e4ll\u00e4 k\u00e4sin tehtyn\u00e4.<br \/>Varaa ensi k\u00e4yntiin aikaa 2,5 tuntia. Hinta sis\u00e4lt\u00e4\u00e4 2 k\u00e4ynti\u00e4.Huolto on tarpeen n. kerran vuodessa.<\/p>\n<\/div><\/div><\/div><div class=\"fusion-layout-column fusion_builder_column fusion-builder-column-1 fusion_builder_column_1_2 1_2 fusion-flex-column\" style=\"--awb-bg-size:cover;--awb-width-large:50%;--awb-margin-top-large:0px;--awb-spacing-right-large:3.84%;--awb-margin-bottom-large:20px;--awb-spacing-left-large:3.84%;--awb-width-medium:50%;--awb-order-medium:0;--awb-spacing-right-medium:3.84%;--awb-spacing-left-medium:3.84%;--awb-width-small:100%;--awb-order-small:0;--awb-spacing-right-small:1.92%;--awb-spacing-left-small:1.92%;\"><div class=\"fusion-column-wrapper fusion-column-has-shadow fusion-flex-justify-content-flex-start fusion-content-layout-column\"><div class=\"fusion-image-element \" style=\"--awb-caption-title-font-family:var(--h2_typography-font-family);--awb-caption-title-font-weight:var(--h2_typography-font-weight);--awb-caption-title-font-style:var(--h2_typography-font-style);--awb-caption-title-size:var(--h2_typography-font-size);--awb-caption-title-transform:var(--h2_typography-text-transform);--awb-caption-title-line-height:var(--h2_typography-line-height);--awb-caption-title-letter-spacing:var(--h2_typography-letter-spacing);\"><span class=\" fusion-imageframe imageframe-none imageframe-1 hover-type-none\"><img decoding=\"async\" width=\"1713\" height=\"2560\" title=\"valerie-elash-Cbl7JY5R86k-unsplash\" data-src=\"https:\/\/sabrina.fi\/wp-content\/uploads\/2022\/08\/valerie-elash-Cbl7JY5R86k-unsplash-scaled.jpg\" alt class=\"img-responsive wp-image-245 lazyload\" data-srcset=\"https:\/\/sabrina.fi\/wp-content\/uploads\/2022\/08\/valerie-elash-Cbl7JY5R86k-unsplash-200x299.jpg 200w, https:\/\/sabrina.fi\/wp-content\/uploads\/2022\/08\/valerie-elash-Cbl7JY5R86k-unsplash-400x598.jpg 400w, https:\/\/sabrina.fi\/wp-content\/uploads\/2022\/08\/valerie-elash-Cbl7JY5R86k-unsplash-600x897.jpg 600w, https:\/\/sabrina.fi\/wp-content\/uploads\/2022\/08\/valerie-elash-Cbl7JY5R86k-unsplash-800x1196.jpg 800w, https:\/\/sabrina.fi\/wp-content\/uploads\/2022\/08\/valerie-elash-Cbl7JY5R86k-unsplash-1200x1794.jpg 1200w, https:\/\/sabrina.fi\/wp-content\/uploads\/2022\/08\/valerie-elash-Cbl7JY5R86k-unsplash-scaled.jpg 1713w\" data-sizes=\"(max-width: 640px) 100vw, 600px\" src=\"data:image\/svg+xml;base64,PHN2ZyB3aWR0aD0iMSIgaGVpZ2h0PSIxIiB4bWxucz0iaHR0cDovL3d3dy53My5vcmcvMjAwMC9zdmciPjwvc3ZnPg==\" style=\"--smush-placeholder-width: 1713px; --smush-placeholder-aspect-ratio: 1713\/2560;\" \/><\/span><\/div><\/div><\/div><\/div><\/div><div class=\"fusion-fullwidth fullwidth-box fusion-builder-row-2 fusion-flex-container has-pattern-background has-mask-background nonhundred-percent-fullwidth non-hundred-percent-height-scrolling\" style=\"--awb-border-radius-top-left:0px;--awb-border-radius-top-right:0px;--awb-border-radius-bottom-right:0px;--awb-border-radius-bottom-left:0px;--awb-flex-wrap:wrap;\" ><div class=\"fusion-builder-row fusion-row fusion-flex-align-items-flex-start fusion-flex-content-wrap\" style=\"max-width:1248px;margin-left: calc(-4% \/ 2 );margin-right: calc(-4% \/ 2 );\"><div class=\"fusion-layout-column fusion_builder_column fusion-builder-column-2 fusion_builder_column_1_1 1_1 fusion-flex-column\" style=\"--awb-bg-size:cover;--awb-width-large:100%;--awb-margin-top-large:0px;--awb-spacing-right-large:1.92%;--awb-margin-bottom-large:20px;--awb-spacing-left-large:1.92%;--awb-width-medium:100%;--awb-order-medium:0;--awb-spacing-right-medium:1.92%;--awb-spacing-left-medium:1.92%;--awb-width-small:100%;--awb-order-small:0;--awb-spacing-right-small:1.92%;--awb-spacing-left-small:1.92%;\"><div class=\"fusion-column-wrapper fusion-column-has-shadow fusion-flex-justify-content-flex-start fusion-content-layout-column\"><div class=\"fusion-separator fusion-full-width-sep\" style=\"align-self: center;margin-left: auto;margin-right: auto;width:100%;\"><div class=\"fusion-separator-border sep-shadow\" style=\"--awb-height:20px;--awb-amount:20px;background:radial-gradient(ellipse at 50% -50% , var(--awb-color3) 0px, rgba(255, 255, 255, 0) 80%) repeat scroll 0 0 rgba(0, 0, 0, 0);background:-webkit-radial-gradient(ellipse at 50% -50% , var(--awb-color3) 0px, rgba(255, 255, 255, 0) 80%) repeat scroll 0 0 rgba(0, 0, 0, 0);background:-moz-radial-gradient(ellipse at 50% -50% , var(--awb-color3) 0px, rgba(255, 255, 255, 0) 80%) repeat scroll 0 0 rgba(0, 0, 0, 0);background:-o-radial-gradient(ellipse at 50% -50% , var(--awb-color3) 0px, rgba(255, 255, 255, 0) 80%) repeat scroll 0 0 rgba(0, 0, 0, 0);\"><\/div><\/div><\/div><\/div><\/div><\/div><div class=\"fusion-fullwidth fullwidth-box fusion-builder-row-3 fusion-flex-container has-pattern-background has-mask-background nonhundred-percent-fullwidth non-hundred-percent-height-scrolling\" style=\"--awb-border-radius-top-left:0px;--awb-border-radius-top-right:0px;--awb-border-radius-bottom-right:0px;--awb-border-radius-bottom-left:0px;--awb-flex-wrap:wrap;\" ><div class=\"fusion-builder-row fusion-row fusion-flex-align-items-flex-start fusion-flex-content-wrap\" style=\"max-width:1248px;margin-left: calc(-4% \/ 2 );margin-right: calc(-4% \/ 2 );\"><div class=\"fusion-layout-column fusion_builder_column fusion-builder-column-3 fusion_builder_column_1_2 1_2 fusion-flex-column\" style=\"--awb-bg-size:cover;--awb-width-large:50%;--awb-margin-top-large:0px;--awb-spacing-right-large:3.84%;--awb-margin-bottom-large:20px;--awb-spacing-left-large:3.84%;--awb-width-medium:50%;--awb-order-medium:0;--awb-spacing-right-medium:3.84%;--awb-spacing-left-medium:3.84%;--awb-width-small:100%;--awb-order-small:0;--awb-spacing-right-small:1.92%;--awb-spacing-left-small:1.92%;\"><div class=\"fusion-column-wrapper fusion-column-has-shadow fusion-flex-justify-content-flex-start fusion-content-layout-column\"><div class=\"fusion-text fusion-text-2\"><h4 data-fontsize=\"24\" style=\"--fontSize: 24; line-height: 1.2;\" data-lineheight=\"28.8px\" class=\"fusion-responsive-typography-calculated\">INLEI- kulmien laminointi<\/p>\n<\/h4>\n<div class=\"elementor-element elementor-element-163e3da elementor-widget elementor-widget-text-editor\" data-id=\"163e3da\" data-element_type=\"widget\" data-widget_type=\"text-editor.default\">\n<div class=\"elementor-widget-container\">\n<div class=\"elementor-text-editor elementor-clearfix\">\n<div class=\"chapeau mymove-animation3\">\n<div class=\"slidePage__content__left__textsecd\">\n<div class=\"slidePage__content__left__textsecd\">\n<\/div>\n<\/div>\n<\/div>\n<\/div>\n<\/div>\n<\/div>\n<div class=\"elementor-element elementor-element-b351271 elementor-widget elementor-widget-menu-anchor\" data-id=\"b351271\" data-element_type=\"widget\" data-widget_type=\"menu-anchor.default\">\n<div class=\"elementor-widget-container\">\n<div id=\"brows\" class=\"elementor-menu-anchor\"> <\/div>\n<\/div>\n<\/div>\n<div class=\"elementor-element elementor-element-da7cc93 elementor-widget elementor-widget-divider\" data-id=\"da7cc93\" data-element_type=\"widget\" data-widget_type=\"divider.default\">\n<div class=\"elementor-widget-container\">\n<div class=\"elementor-divider\"> <\/div>\n<\/div>\n<\/div>\n<div class=\"elementor-element elementor-element-9ef8435 elementor-widget elementor-widget-text-editor\" data-id=\"9ef8435\" data-element_type=\"widget\" data-widget_type=\"text-editor.default\">\n<div class=\"elementor-widget-container\">\n<div class=\"elementor-text-editor elementor-clearfix\">\n<div class=\"chapeau mymove-animation3\">\n<div class=\"slidePage__content__left__textsecd\">\n<div class=\"slidePage__content__left__textsecd\">\n<\/div>\n<\/div>\n<\/div>\n<\/div>\n<\/div>\n<\/div>\n<\/div><\/div><\/div><div class=\"fusion-layout-column fusion_builder_column fusion-builder-column-4 fusion_builder_column_1_2 1_2 fusion-flex-column\" style=\"--awb-bg-size:cover;--awb-width-large:50%;--awb-margin-top-large:0px;--awb-spacing-right-large:3.84%;--awb-margin-bottom-large:20px;--awb-spacing-left-large:3.84%;--awb-width-medium:50%;--awb-order-medium:0;--awb-spacing-right-medium:3.84%;--awb-spacing-left-medium:3.84%;--awb-width-small:100%;--awb-order-small:0;--awb-spacing-right-small:1.92%;--awb-spacing-left-small:1.92%;\"><div class=\"fusion-column-wrapper fusion-column-has-shadow fusion-flex-justify-content-flex-start fusion-content-layout-column\"><\/div><\/div><\/div><\/div><\/p>\n","protected":false},"excerpt":{"rendered":"","protected":false},"author":3,"featured_media":0,"parent":0,"menu_order":0,"comment_status":"closed","ping_status":"closed","template":"100-width.php","meta":{"footnotes":""},"class_list":["post-185","page","type-page","status-publish","hentry"],"_links":{"self":[{"href":"https:\/\/sabrina.fi\/index.php\/wp-json\/wp\/v2\/pages\/185","targetHints":{"allow":["GET"]}}],"collection":[{"href":"https:\/\/sabrina.fi\/index.php\/wp-json\/wp\/v2\/pages"}],"about":[{"href":"https:\/\/sabrina.fi\/index.php\/wp-json\/wp\/v2\/types\/page"}],"author":[{"embeddable":true,"href":"https:\/\/sabrina.fi\/index.php\/wp-json\/wp\/v2\/users\/3"}],"replies":[{"embeddable":true,"href":"https:\/\/sabrina.fi\/index.php\/wp-json\/wp\/v2\/comments?post=185"}],"version-history":[{"count":6,"href":"https:\/\/sabrina.fi\/index.php\/wp-json\/wp\/v2\/pages\/185\/revisions"}],"predecessor-version":[{"id":429,"href":"https:\/\/sabrina.fi\/index.php\/wp-json\/wp\/v2\/pages\/185\/revisions\/429"}],"wp:attachment":[{"href":"https:\/\/sabrina.fi\/index.php\/wp-json\/wp\/v2\/media?parent=185"}],"curies":[{"name":"wp","href":"https:\/\/api.w.org\/{rel}","templated":true}]}}