{"id":187,"date":"2022-08-02T10:42:13","date_gmt":"2022-08-02T10:42:13","guid":{"rendered":"https:\/\/sabrina.fi\/?page_id=187"},"modified":"2026-02-08T08:20:24","modified_gmt":"2026-02-08T08:20:24","slug":"hieronnat-ja-vartalohoidot-kehonhuolto","status":"publish","type":"page","link":"https:\/\/sabrina.fi\/index.php\/hieronnat-ja-vartalohoidot-kehonhuolto\/","title":{"rendered":"Hieronnat ja vartalohoidot\/ kehonhuolto"},"content":{"rendered":"<p><div class=\"fusion-fullwidth fullwidth-box fusion-builder-row-1 fusion-flex-container has-pattern-background has-mask-background nonhundred-percent-fullwidth non-hundred-percent-height-scrolling\" style=\"--awb-border-radius-top-left:0px;--awb-border-radius-top-right:0px;--awb-border-radius-bottom-right:0px;--awb-border-radius-bottom-left:0px;--awb-flex-wrap:wrap;\" ><div class=\"fusion-builder-row fusion-row fusion-flex-align-items-flex-start fusion-flex-content-wrap\" style=\"max-width:1248px;margin-left: calc(-4% \/ 2 );margin-right: calc(-4% \/ 2 );\"><div class=\"fusion-layout-column fusion_builder_column fusion-builder-column-0 fusion_builder_column_1_2 1_2 fusion-flex-column\" style=\"--awb-bg-size:cover;--awb-width-large:50%;--awb-margin-top-large:0px;--awb-spacing-right-large:0%;--awb-margin-bottom-large:20px;--awb-spacing-left-large:3.84%;--awb-width-medium:50%;--awb-order-medium:0;--awb-spacing-right-medium:0%;--awb-spacing-left-medium:3.84%;--awb-width-small:100%;--awb-order-small:0;--awb-spacing-right-small:1.92%;--awb-spacing-left-small:1.92%;\"><div class=\"fusion-column-wrapper fusion-column-has-shadow fusion-flex-justify-content-flex-start fusion-content-layout-column\"><div class=\"fusion-title title fusion-title-1 fusion-sep-none fusion-title-text fusion-title-size-one\" style=\"--awb-margin-top-small:10px;--awb-margin-right-small:0px;--awb-margin-bottom-small:10px;--awb-margin-left-small:0px;\"><h1 class=\"fusion-title-heading title-heading-left\" style=\"margin:0;\"><h2>Hieronnat ja vartalohoidot\/kehonhuolto<\/h2><\/h1><\/div><div class=\"fusion-text fusion-text-1\"><h4 class=\"fusion-responsive-typography-calculated\" style=\"--fontsize: 24; line-height: 1.2; --fontSize: 24;\" data-fontsize=\"24\" data-lineheight=\"28.8px\">Intialainen p\u00e4\u00e4nhieronta<\/h4>\n<p>30 min kest\u00e4v\u00e4 sek\u00e4 kehon- ett\u00e4 mielen- rentoutusk\u00e4sittely, joka aloitetaan hartioista, k\u00e4sitell\u00e4\u00e4n olkavarret, niska, korvat ja lopuksi p\u00e4\u00e4nalue. Voidaan tehd\u00e4 joko \u00f6ljyll\u00e4 tai ilman.<\/p>\n<h4 data-fontsize=\"24\" style=\"--fontSize: 24; line-height: 1.2;\" data-lineheight=\"28.8px\" class=\"fusion-responsive-typography-calculated\">BRAIN RELIEF-syv\u00e4rentoutus kuormittuneelle keholle ja mielelle<\/h4>\n<p>Brain Relief\u00ae on  Suomessa kehitetty syv\u00e4rentouttava kosketushoito. <span style=\"color: var(--awb-text-color); font-family: var(--awb-text-font-family); font-size: var(--awb-font-size); font-style: var(--awb-text-font-style); font-weight: var(--awb-text-font-weight); letter-spacing: var(--awb-letter-spacing); text-align: var(--awb-content-alignment); text-transform: var(--awb-text-transform); background-color: var(--awb-bg-color-hover);\">Musiikkiin integroitu hoito on vaikuttava, lempe\u00e4 ja tehokas. Se auttaa pitkittyneen stressin katkaisussa ja tasapainottaa sek\u00e4 kehoa ett\u00e4 mielt\u00e4.<\/span><\/p>\n<p>Brain Relief -hoito sopii ihan kaikille. <span style=\"color: var(--awb-text-color); font-family: var(--awb-text-font-family); font-size: var(--awb-font-size); font-style: var(--awb-text-font-style); font-weight: var(--awb-text-font-weight); letter-spacing: var(--awb-letter-spacing); text-align: var(--awb-content-alignment); text-transform: var(--awb-text-transform); background-color: var(--awb-bg-color-hover);\">Lempe\u00e4 hoito sopii yht\u00e4 lailla pienelle lapselle kuin hauraalle vanhukselle. Vaikka hoito on l\u00e4ht\u00f6kohtaisesti aina t\u00e4sm\u00e4lleen samanlainen, alkuhaastattelun avulla varmistetaan ettei hoidolle ole mit\u00e4\u00e4n esteit\u00e4, ja ett\u00e4 hoito voidaan tehd\u00e4 asiakkaan mahdolliset vammat, sairaudet, vaivat ja erityistarpeet huomioiden turvallisesti ja miellytt\u00e4v\u00e4sti.<\/span><\/p>\n<p>Erityisen hyvin Brain Relief -hoidon on koettu auttavan pitkittyneen stressin katkaisussa. Hoito sopii siksi erinomaisesti esimerkiksi ty\u00f6n, opintojen tai vaikean el\u00e4m\u00e4ntilanteen kuormittamille aikuisille ja nuorille.<\/p>\n<p>Hoidon aikana ei tarvitse tehd\u00e4 mit\u00e4\u00e4n.<\/p>\n<p>Saa vain olla.<\/p>\n<p>Hoidettava on hoitop\u00f6yd\u00e4ll\u00e4 sel\u00e4ll\u00e4\u00e4n koko hoidon ajan, jotta rentoutumisefekti maksimoituu. Hoidossa ollaan normaaleissa sis\u00e4vaatteissa, k\u00e4sivarret mielell\u00e4\u00e4n paljaana ja sukkien on hyv\u00e4 olla ohuet. Isot korvarenkaat, kaulaketjut ja rannerenkaat pyydet\u00e4\u00e4n ottamaan pois hoidon ajaksi.<\/p>\n<p>Hoito kohdistuu p\u00e4\u00e4h\u00e4n, kasvoihin, hartian ja niskan seutuun, k\u00e4siin ja jalkoihin. Hoito-otteisiin kuuluu monenlaisia py\u00f6ritt\u00e4vi\u00e4, hankaavia, silitt\u00e4vi\u00e4, p\u00f6yhivi\u00e4, sukivia, rapsuttavia ja sivelevi\u00e4 otteita, jotka kaikki ovat lempeit\u00e4, miellytt\u00e4vi\u00e4 ja monet erityisen hitaita.<\/p>\n<p>Hoitoon kuuluu tarkkaan valittu musiikki, joka tukee hoidon vaikutusta ja johon hoidon otteet synkronoituvat. Varsinaisen hoidon aikana ei keskustella.<\/p>\n<p>Varsinainen hoito kest\u00e4\u00e4 reilut 50 minuuttia ja k\u00e4yntiin on hyv\u00e4 varata v\u00e4hint\u00e4\u00e4n tunti, jotta hoidon j\u00e4lkeen voi rauhassa tasata olotilaa ja nousta hitaasti. Varsinkin ensimm\u00e4isell\u00e4 hoitokerralla varataan aikaa my\u00f6s alkuhaastattelulle, jolla varmistetaan, ettei hoidolle ole mit\u00e4\u00e4n esteit\u00e4.<\/p>\n<p>Kolme hoitokertaa noin kuuden viikon sis\u00e4ll\u00e4 on todettu tuovan jo pysyvi\u00e4 hoitovaikutuksia asiakkaille, jotka k\u00e4rsiv\u00e4t kroonisista vaivoista ja joilla ensimm\u00e4inen hoito helpotti niit\u00e4.<\/p>\n<p>Brain Relief -hoito ei itsess\u00e4\u00e4n t\u00e4ht\u00e4\u00e4 mink\u00e4\u00e4n vaivan tai sairauden hoitamiseen. Emme siis lupaa mit\u00e4\u00e4n vaivojen tai sairauksien paranemista tai lievittymist\u00e4. Hoito helpottaa kroonista stressitilaa ja tukee kehon omaa paranemiskyky\u00e4, ja t\u00e4m\u00e4n seurauksena erilaiset vaivat ja oireet voivat helpottua.<\/p>\n<p>Pitkittyneen kuormituksen ja stressin vaikutukset keholle ja mielelle ovat yksil\u00f6llisi\u00e4, lukuisia ja moninaisia. Yht\u00e4lailla rentoutumisen vaikutukset kehossa ja mieless\u00e4 ovat aina yksil\u00f6llisi\u00e4. Samallakin henkil\u00f6ll\u00e4 hoidon vaikutus voi vaihdella riippuen esimerkiksi sen hetkisest\u00e4 el\u00e4m\u00e4ntilanteesta.<\/p>\n<\/p>\n<h4 data-fontsize=\"24\" style=\"--fontSize: 24; line-height: 1.2; color: rgb(110, 58, 160);\" data-lineheight=\"28.8px\" class=\"fusion-responsive-typography-calculated\">AUVO- kosketushoito stressinpoisto<\/h4>\n<p>Auvo-hoito tehd\u00e4\u00e4n vaatteen p\u00e4\u00e4lt\u00e4, asiakkaan ollessa selinmakuulla hoitop\u00f6yd\u00e4ll\u00e4 tai lepotuolissa. Voin tehd\u00e4 Auvo-hoidon my\u00f6s s\u00e4ngyss\u00e4, jolloin hoidettava voi nukahtaa siihen. Hoito kohdistuu decollteelle p\u00e4\u00e4h\u00e4n, kasvoihin,olkavarsiin, hartiaseutuun, k\u00e4siin ja jalkoihin. Hoidon otteet on kehitetty niin, ett\u00e4 ne sopivat ja ovat turvallisia kaikille. Hoitoon kuuluu monenlaisia py\u00f6ritt\u00e4vi\u00e4, sivelevi\u00e4, p\u00f6yhivi\u00e4 ja hierovia otteita, jotka kaikki ovat lempeit\u00e4 ja miellytt\u00e4vi\u00e4. Hoidon olennainen osa on siihen tarkkaan valittu musiikki, joka tekee menetelm\u00e4st\u00e4 ainutlaatuisen. 25 minuutin mittainen hoito on lempe\u00e4 ja tehokas. Palautteen pohjalta Auvo on muun muassa helpottanut stressi\u00e4, tehostanut palautumista, nopeuttanut unen saantia ja parantanut unen laatua. <\/p>\n<\/p>\n<p style=\"color: var(--awb-color4);\"><span data-fusion-font=\"true\" style=\"font-size: 24px;\">Faceform Massage\u2122\ufe0f &#8211; Esteettinen palvelu <\/span><\/p>\n<p>Faceform Massage\u2122\ufe0f &#8211; kauneudenhoitoalan ammattilaisen tuottama syv\u00e4kudoshieronta, jossa tavoitteena on yll\u00e4pit\u00e4\u00e4 kudosten normaalia toimintaa, poistaa lihaskireytt\u00e4 ja tukea faskiakudoksen liikkuvuutta sek\u00e4 muokata kasvojen muotoa. Faceform Massage\u2122\ufe0f on luonnollinen tapa kiinteytt\u00e4\u00e4 ja ter\u00e4v\u00f6itt\u00e4\u00e4 kasvojen muotoa, sek\u00e4 luoda terve ja luonnollinen glow kasvoille.<\/p>\n<p><span style=\"color: rgb(110, 58, 160); font-size: 24px; letter-spacing: -0.36px; background-color: rgba(0, 0, 0, 0);\">Hot Stones- kuumakivihieronta<\/span><\/p>\n<p><span style=\"letter-spacing: 0.24px; background-color: rgba(0, 0, 0, 0);\">Koko kehon l\u00e4mmitt\u00e4v\u00e4, rentouttava k\u00e4sittely, jossa l\u00e4mpim\u00e4t k\u00e4det, hoito\u00f6ljy ja kuumat vuolu- ja laavakivet luovat my\u00f6s virkistyneen olotilan. Kylm\u00e4n ajan ihana vartalohoito Sinulle, joka kaipaat l\u00e4mmint\u00e4.<\/span><\/p>\n<h4 class=\"fusion-responsive-typography-calculated\" style=\"--fontsize: 24; line-height: 1.2; --fontSize: 24;\" data-fontsize=\"24\" data-lineheight=\"28.8px\"><span style=\"color: rgb(110, 58, 160);\"><span style=\"color: rgb(110, 58, 160);\">Guinot Mirifi<\/span>c<\/span>&#8211; koko vartalon hemmotteluhoito<\/h4>\n<p><span class=\"oi732d6d ik7dh3pa qv66sw1b c1et5uql a8c37x1j hop8lmos enqfppq2 e9vueds3 j5wam9gi knj5qynh m9osqain\">Guinot\u2019n uusin lanseeraus, MIRIFIC-vartalohoito!<br \/>Saatavilla kaksi hoitovaihtoehtoa, rentouttava hierontahoito ja ylellinen kuorintahoito. Hoitotuotteet sis\u00e4lt\u00e4v\u00e4t 4 tehokasta hoito\u00e4ljy\u00e4, anti-ageing ominaisuuksilla. Iho on elinvoimainen ja pehme\u00e4!<\/span><\/p>\n<\/div><\/div><\/div><div class=\"fusion-layout-column fusion_builder_column fusion-builder-column-1 fusion_builder_column_1_2 1_2 fusion-flex-column\" style=\"--awb-bg-size:cover;--awb-width-large:50%;--awb-margin-top-large:0px;--awb-spacing-right-large:3.84%;--awb-margin-bottom-large:20px;--awb-spacing-left-large:12.096%;--awb-width-medium:50%;--awb-order-medium:0;--awb-spacing-right-medium:3.84%;--awb-spacing-left-medium:12.096%;--awb-width-small:100%;--awb-order-small:0;--awb-spacing-right-small:1.92%;--awb-spacing-left-small:1.92%;\"><div class=\"fusion-column-wrapper fusion-column-has-shadow fusion-flex-justify-content-flex-start fusion-content-layout-column\"><div class=\"fusion-image-element \" style=\"--awb-caption-title-font-family:var(--h2_typography-font-family);--awb-caption-title-font-weight:var(--h2_typography-font-weight);--awb-caption-title-font-style:var(--h2_typography-font-style);--awb-caption-title-size:var(--h2_typography-font-size);--awb-caption-title-transform:var(--h2_typography-text-transform);--awb-caption-title-line-height:var(--h2_typography-line-height);--awb-caption-title-letter-spacing:var(--h2_typography-letter-spacing);\"><span class=\" fusion-imageframe imageframe-none imageframe-1 hover-type-none\"><img decoding=\"async\" width=\"806\" height=\"960\" title=\"10178093_687969204598908_7800693001697163657_n\" data-src=\"https:\/\/sabrina.fi\/wp-content\/uploads\/2022\/08\/10178093_687969204598908_7800693001697163657_n.png\" alt class=\"img-responsive wp-image-235 lazyload\" data-srcset=\"https:\/\/sabrina.fi\/wp-content\/uploads\/2022\/08\/10178093_687969204598908_7800693001697163657_n-200x238.png 200w, https:\/\/sabrina.fi\/wp-content\/uploads\/2022\/08\/10178093_687969204598908_7800693001697163657_n-400x476.png 400w, https:\/\/sabrina.fi\/wp-content\/uploads\/2022\/08\/10178093_687969204598908_7800693001697163657_n-600x715.png 600w, https:\/\/sabrina.fi\/wp-content\/uploads\/2022\/08\/10178093_687969204598908_7800693001697163657_n-800x953.png 800w, https:\/\/sabrina.fi\/wp-content\/uploads\/2022\/08\/10178093_687969204598908_7800693001697163657_n.png 806w\" data-sizes=\"(max-width: 640px) 100vw, 600px\" src=\"data:image\/svg+xml;base64,PHN2ZyB3aWR0aD0iMSIgaGVpZ2h0PSIxIiB4bWxucz0iaHR0cDovL3d3dy53My5vcmcvMjAwMC9zdmciPjwvc3ZnPg==\" style=\"--smush-placeholder-width: 806px; --smush-placeholder-aspect-ratio: 806\/960;\" \/><\/span><\/div><\/div><\/div><\/div><\/div><div class=\"fusion-fullwidth fullwidth-box fusion-builder-row-2 fusion-flex-container has-pattern-background has-mask-background nonhundred-percent-fullwidth non-hundred-percent-height-scrolling\" style=\"--awb-border-radius-top-left:0px;--awb-border-radius-top-right:0px;--awb-border-radius-bottom-right:0px;--awb-border-radius-bottom-left:0px;--awb-flex-wrap:wrap;\" ><div class=\"fusion-builder-row fusion-row fusion-flex-align-items-flex-start fusion-flex-content-wrap\" style=\"max-width:1248px;margin-left: calc(-4% \/ 2 );margin-right: calc(-4% \/ 2 );\"><div class=\"fusion-layout-column fusion_builder_column fusion-builder-column-2 fusion_builder_column_1_1 1_1 fusion-flex-column\" style=\"--awb-bg-size:cover;--awb-width-large:100%;--awb-margin-top-large:0px;--awb-spacing-right-large:1.92%;--awb-margin-bottom-large:20px;--awb-spacing-left-large:1.92%;--awb-width-medium:100%;--awb-order-medium:0;--awb-spacing-right-medium:1.92%;--awb-spacing-left-medium:1.92%;--awb-width-small:100%;--awb-order-small:0;--awb-spacing-right-small:1.92%;--awb-spacing-left-small:1.92%;\"><div class=\"fusion-column-wrapper fusion-column-has-shadow fusion-flex-justify-content-flex-start fusion-content-layout-column\"><div class=\"fusion-separator fusion-full-width-sep\" style=\"align-self: center;margin-left: auto;margin-right: auto;width:100%;\"><div class=\"fusion-separator-border sep-shadow\" style=\"--awb-height:20px;--awb-amount:20px;background:radial-gradient(ellipse at 50% -50% , var(--awb-color3) 0px, rgba(255, 255, 255, 0) 80%) repeat scroll 0 0 rgba(0, 0, 0, 0);background:-webkit-radial-gradient(ellipse at 50% -50% , var(--awb-color3) 0px, rgba(255, 255, 255, 0) 80%) repeat scroll 0 0 rgba(0, 0, 0, 0);background:-moz-radial-gradient(ellipse at 50% -50% , var(--awb-color3) 0px, rgba(255, 255, 255, 0) 80%) repeat scroll 0 0 rgba(0, 0, 0, 0);background:-o-radial-gradient(ellipse at 50% -50% , var(--awb-color3) 0px, rgba(255, 255, 255, 0) 80%) repeat scroll 0 0 rgba(0, 0, 0, 0);\"><\/div><\/div><\/div><\/div><\/div><\/div><div class=\"fusion-fullwidth fullwidth-box fusion-builder-row-3 fusion-flex-container has-pattern-background has-mask-background nonhundred-percent-fullwidth non-hundred-percent-height-scrolling\" style=\"--awb-border-radius-top-left:0px;--awb-border-radius-top-right:0px;--awb-border-radius-bottom-right:0px;--awb-border-radius-bottom-left:0px;--awb-flex-wrap:wrap;\" ><div class=\"fusion-builder-row fusion-row fusion-flex-align-items-flex-start fusion-flex-content-wrap\" style=\"max-width:1248px;margin-left: calc(-4% \/ 2 );margin-right: calc(-4% \/ 2 );\"><div class=\"fusion-layout-column fusion_builder_column fusion-builder-column-3 fusion_builder_column_2_3 2_3 fusion-flex-column\" style=\"--awb-bg-size:cover;--awb-width-large:66.666666666667%;--awb-margin-top-large:0px;--awb-spacing-right-large:2.88%;--awb-margin-bottom-large:20px;--awb-spacing-left-large:2.88%;--awb-width-medium:66.666666666667%;--awb-order-medium:0;--awb-spacing-right-medium:2.88%;--awb-spacing-left-medium:2.88%;--awb-width-small:100%;--awb-order-small:0;--awb-spacing-right-small:1.92%;--awb-spacing-left-small:1.92%;\"><div class=\"fusion-column-wrapper fusion-column-has-shadow fusion-flex-justify-content-flex-start fusion-content-layout-column\"><div class=\"fusion-text fusion-text-2\"><h4>Lymfa bootsit\/ -shortsit<\/h4>\n<p>Paineluterapiaa k\u00e4ytet\u00e4\u00e4n tyypillisesti v\u00e4hent\u00e4m\u00e4\u00e4n tai poistamaan selluliittia. Selluliitti koostuu pienist\u00e4 rasvataskuista, jotka sijaitsevat aivan ihon pinnan alla. Ne tekev\u00e4t ihosta ep\u00e4tasaisen ja kuhmuraisen. Selluliitti n\u00e4kyy erityisesti reisien<br \/>ja pakaroiden alueella.<\/p>\n<p>Hoito perustuu siihen, ett\u00e4 syv\u00e4 fysikaalinen stimulaatio voi rikkoa rasvataskujen rakenteita ihon alla ja saa ihon n\u00e4ytt\u00e4m\u00e4\u00e4n tasaisemmalta. Paineluterapiahoitoja saa tavallisimmin kylpyl\u00f6ist\u00e4 ja kauneushoitoloista. Hoidossa asiakkaan jalkoihin asetetaan tukevasta kankaasta valmistetut erikoissaappaat, joissa on ilma-taskuja. Ilmataskuihin johdetaan ilmaa ja niiden t\u00e4yttyess\u00e4 jaloissa tuntuu kevyt puristus. Paineen s\u00e4\u00e4t\u00e4minen saa aikaan syv\u00e4hierontaa, jossa paineen avulla saavutetaan ihon alimmatkin kerrokset. Paineterapiahoito kest\u00e4\u00e4 yleens\u00e4 10-30 minuuttia ja sit\u00e4 suositellaan teht\u00e4v\u00e4ksi kerran viikossa 8-15 viikon ajan.<\/p>\n<p>Paineluterapian puolestapuhujat uskovat paineen ja stimulaation edist\u00e4v\u00e4n my\u00f6s verenkiertoa. Kun veri virtaa tehokkaasti kehon l\u00e4pi, sen ajatellaan est\u00e4v\u00e4n kehon sis\u00e4isten kudosten turpoamista, koska verenkierron tehostuminen kuljettaa runsaasti my\u00f6s kehon toiminnoille v\u00e4ltt\u00e4m\u00e4t\u00f6nt\u00e4 happea. Hapen riitt\u00e4v\u00e4 saanti<br \/>voi edist\u00e4\u00e4 vioittuneiden kudosten paranemista ja my\u00f6s kiinteytt\u00e4\u00e4 ihoa.<\/p>\n<\/div><\/div><\/div><div class=\"fusion-layout-column fusion_builder_column fusion-builder-column-4 fusion_builder_column_1_3 1_3 fusion-flex-column\" style=\"--awb-bg-size:cover;--awb-width-large:33.333333333333%;--awb-margin-top-large:0px;--awb-spacing-right-large:5.76%;--awb-margin-bottom-large:20px;--awb-spacing-left-large:5.76%;--awb-width-medium:33.333333333333%;--awb-order-medium:0;--awb-spacing-right-medium:5.76%;--awb-spacing-left-medium:5.76%;--awb-width-small:100%;--awb-order-small:0;--awb-spacing-right-small:1.92%;--awb-spacing-left-small:1.92%;\"><div class=\"fusion-column-wrapper fusion-column-has-shadow fusion-flex-justify-content-flex-start fusion-content-layout-column\"><div class=\"fusion-image-element \" style=\"--awb-caption-title-font-family:var(--h2_typography-font-family);--awb-caption-title-font-weight:var(--h2_typography-font-weight);--awb-caption-title-font-style:var(--h2_typography-font-style);--awb-caption-title-size:var(--h2_typography-font-size);--awb-caption-title-transform:var(--h2_typography-text-transform);--awb-caption-title-line-height:var(--h2_typography-line-height);--awb-caption-title-letter-spacing:var(--h2_typography-letter-spacing);\"><span class=\" fusion-imageframe imageframe-none imageframe-2 hover-type-none\"><img decoding=\"async\" width=\"295\" height=\"295\" title=\"Lymfaboots\" data-src=\"https:\/\/sabrina.fi\/wp-content\/uploads\/2022\/08\/Lymfaboots.jpg\" alt class=\"img-responsive wp-image-237 lazyload\" data-srcset=\"https:\/\/sabrina.fi\/wp-content\/uploads\/2022\/08\/Lymfaboots-200x200.jpg 200w, https:\/\/sabrina.fi\/wp-content\/uploads\/2022\/08\/Lymfaboots.jpg 295w\" data-sizes=\"(max-width: 640px) 100vw, 295px\" src=\"data:image\/svg+xml;base64,PHN2ZyB3aWR0aD0iMSIgaGVpZ2h0PSIxIiB4bWxucz0iaHR0cDovL3d3dy53My5vcmcvMjAwMC9zdmciPjwvc3ZnPg==\" style=\"--smush-placeholder-width: 295px; --smush-placeholder-aspect-ratio: 295\/295;\" \/><\/span><\/div><\/div><\/div><\/div><\/div><\/p>\n","protected":false},"excerpt":{"rendered":"","protected":false},"author":3,"featured_media":0,"parent":0,"menu_order":0,"comment_status":"closed","ping_status":"closed","template":"100-width.php","meta":{"footnotes":""},"class_list":["post-187","page","type-page","status-publish","hentry"],"_links":{"self":[{"href":"https:\/\/sabrina.fi\/index.php\/wp-json\/wp\/v2\/pages\/187","targetHints":{"allow":["GET"]}}],"collection":[{"href":"https:\/\/sabrina.fi\/index.php\/wp-json\/wp\/v2\/pages"}],"about":[{"href":"https:\/\/sabrina.fi\/index.php\/wp-json\/wp\/v2\/types\/page"}],"author":[{"embeddable":true,"href":"https:\/\/sabrina.fi\/index.php\/wp-json\/wp\/v2\/users\/3"}],"replies":[{"embeddable":true,"href":"https:\/\/sabrina.fi\/index.php\/wp-json\/wp\/v2\/comments?post=187"}],"version-history":[{"count":8,"href":"https:\/\/sabrina.fi\/index.php\/wp-json\/wp\/v2\/pages\/187\/revisions"}],"predecessor-version":[{"id":555,"href":"https:\/\/sabrina.fi\/index.php\/wp-json\/wp\/v2\/pages\/187\/revisions\/555"}],"wp:attachment":[{"href":"https:\/\/sabrina.fi\/index.php\/wp-json\/wp\/v2\/media?parent=187"}],"curies":[{"name":"wp","href":"https:\/\/api.w.org\/{rel}","templated":true}]}}